{"id":156,"date":"2012-07-05T20:59:32","date_gmt":"2012-07-05T18:59:32","guid":{"rendered":"http:\/\/meritstudio.com\/blog\/?page_id=156"},"modified":"2012-10-13T21:17:32","modified_gmt":"2012-10-13T19:17:32","slug":"links","status":"publish","type":"page","link":"http:\/\/meritstudio.com\/blog\/links\/","title":{"rendered":"Links"},"content":{"rendered":"<p>Diesel Arts &#8211; koht kus iga\u00fcks v\u00f5ib oma failist t\u00f5elise meistriteose vormida<br \/>\n<a href=\"http:\/\/dieselarts.ee\/\" onclick=\"javascript:_gaq.push(['_trackEvent','outbound-article','http:\/\/dieselarts.ee']);\" rel=\"nofollow\">http:\/\/dieselarts.ee\/<\/a><\/p>\n<p>John Lemon Art &#8211; fotostuudio, fototeenused<br \/>\n<a href=\"http:\/\/johnlemonart.ee\/\" onclick=\"javascript:_gaq.push(['_trackEvent','outbound-article','http:\/\/johnlemonart.ee']);\" rel=\"nofollow\">http:\/\/johnlemonart.ee\/<\/a><\/p>\n<p>Eva Lotta Kunsti\u00e4ri &#8211; kunstitarvete e-pood<br \/>\n<a href=\"http:\/\/kunstitarbed.ee\/\" onclick=\"javascript:_gaq.push(['_trackEvent','outbound-article','http:\/\/kunstitarbed.ee']);\" rel=\"nofollow\">http:\/\/kunstitarbed.ee\/<\/a><\/p>\n<p>&nbsp;<\/p>\n","protected":false},"excerpt":{"rendered":"<p>Diesel Arts &#8211; koht kus iga\u00fcks v\u00f5ib oma failist t\u00f5elise meistriteose vormida http:\/\/dieselarts.ee\/ John Lemon Art &#8211; fotostuudio, fototeenused http:\/\/johnlemonart.ee\/ Eva Lotta Kunsti\u00e4ri &#8211; kunstitarvete e-pood http:\/\/kunstitarbed.ee\/ &nbsp;<\/p>\n","protected":false},"author":1,"featured_media":0,"parent":0,"menu_order":0,"comment_status":"closed","ping_status":"open","template":"","meta":[],"_links":{"self":[{"href":"http:\/\/meritstudio.com\/blog\/wp-json\/wp\/v2\/pages\/156"}],"collection":[{"href":"http:\/\/meritstudio.com\/blog\/wp-json\/wp\/v2\/pages"}],"about":[{"href":"http:\/\/meritstudio.com\/blog\/wp-json\/wp\/v2\/types\/page"}],"author":[{"embeddable":true,"href":"http:\/\/meritstudio.com\/blog\/wp-json\/wp\/v2\/users\/1"}],"replies":[{"embeddable":true,"href":"http:\/\/meritstudio.com\/blog\/wp-json\/wp\/v2\/comments?post=156"}],"version-history":[{"count":13,"href":"http:\/\/meritstudio.com\/blog\/wp-json\/wp\/v2\/pages\/156\/revisions"}],"predecessor-version":[{"id":323,"href":"http:\/\/meritstudio.com\/blog\/wp-json\/wp\/v2\/pages\/156\/revisions\/323"}],"wp:attachment":[{"href":"http:\/\/meritstudio.com\/blog\/wp-json\/wp\/v2\/media?parent=156"}],"curies":[{"name":"wp","href":"https:\/\/api.w.org\/{rel}","templated":true}]}}